{"id":185,"date":"2014-02-23T16:52:53","date_gmt":"2014-02-23T14:52:53","guid":{"rendered":"http:\/\/wordpress.skaletons.de\/?page_id=185"},"modified":"2021-03-01T13:06:07","modified_gmt":"2021-03-01T11:06:07","slug":"impressum","status":"publish","type":"page","link":"http:\/\/skaletons.de\/?page_id=185","title":{"rendered":"Impressum"},"content":{"rendered":"<p style=\"text-align: center;\">Verantwortlicher im Sinne von \u00a7 5 TMG und \u00a7 55 RfStV:<\/p>\n<p style=\"text-align: center;\">Hirt &amp; Silbernagel GbR<br \/>\nIn den Eschmatten 25<br \/>\n79117 Freiburg<\/p>\n<p style=\"text-align: center;\">E-Mail: booking [at] skaletons [punkt] de<\/p>\n<p style=\"text-align: center;\">Gesellschafter: Pascal Hirt und Rainer Silbernagel<\/p>\n<p style=\"text-align: center;\">Wir widersprechen jeder kommerziellen Verwendung und\/oder Weitergabe meiner Daten!<\/p>\n<p style=\"text-align: center;\"><span style=\"text-decoration: underline;\"><strong>Haftung f\u00fcr Inhalte<\/strong><\/span><\/p>\n<p style=\"text-align: center;\">Die Inhalte unserer Seiten wurden mit gr\u00f6\u00dfter Sorgfalt erstellt. F\u00fcr die Richtigkeit, Vollst\u00e4ndigkeit und Aktualit\u00e4t der Inhalte k\u00f6nnen wir jedoch keine Gew\u00e4hr \u00fcbernehmen. Als Diensteanbieter sind wir gem\u00e4\u00df \u00a7 7 Abs.1 TMG f\u00fcr eigene Inhalte auf diesen Seiten nach den allgemeinen Gesetzen verantwortlich. Nach \u00a7\u00a7 8 bis 10 TMG sind wir als Diensteanbieter jedoch nicht verpflichtet, \u00fcbermittelte oder gespeicherte fremde Informationen zu \u00fcberwachen oder nach Umst\u00e4nden zu forschen, die auf eine rechtswidrige T\u00e4tigkeit hinweisen. Verpflichtungen zur Entfernung oder Sperrung der Nutzung von Informationen nach den allgemeinen Gesetzen bleiben hiervon unber\u00fchrt. Eine diesbez\u00fcgliche Haftung ist jedoch erst ab dem Zeitpunkt der Kenntnis einer konkreten Rechtsverletzung m\u00f6glich. Bei Bekanntwerden von entsprechenden Rechtsverletzungen werden wir diese Inhalte umgehend entfernen.<\/p>\n<p style=\"text-align: center;\"><span style=\"text-decoration: underline;\"><strong>Haftung f\u00fcr Links<\/strong><\/span><\/p>\n<p style=\"text-align: center;\">Unser Angebot enth\u00e4lt Links zu externen Webseiten Dritter, auf deren Inhalte wir keinen Einfluss haben. Deshalb k\u00f6nnen wir f\u00fcr diese fremden Inhalte auch keine Gew\u00e4hr \u00fcbernehmen. F\u00fcr die Inhalte der verlinkten Seiten ist stets der jeweilige Anbieter oder Betreiber der Seiten verantwortlich. Die verlinkten Seiten wurden zum Zeitpunkt der Verlinkung auf m\u00f6gliche Rechtsverst\u00f6\u00dfe \u00fcberpr\u00fcft. Rechtswidrige Inhalte waren zum Zeitpunkt der Verlinkung nicht erkennbar. Eine permanente inhaltliche Kontrolle der verlinkten Seiten ist jedoch ohne konkrete Anhaltspunkte einer Rechtsverletzung nicht zumutbar. Bei Bekanntwerden von Rechtsverletzungen werden wir derartige Links umgehend entfernen.<\/p>\n<p style=\"text-align: center;\"><span style=\"text-decoration: underline;\"><strong>Urheberrecht<\/strong><\/span><\/p>\n<p style=\"text-align: center;\">Die durch die Seitenbetreiber erstellten Inhalte und Werke auf diesen Seiten unterliegen dem deutschen Urheberrecht. Die Vervielf\u00e4ltigung, Bearbeitung, Verbreitung und jede Art der Verwertung au\u00dferhalb der Grenzen des Urheberrechtes bed\u00fcrfen der schriftlichen Zustimmung des jeweiligen Autors bzw. Erstellers. Downloads und Kopien dieser Seite sind nur f\u00fcr den privaten, nicht kommerziellen Gebrauch gestattet. Soweit die Inhalte auf dieser Seite nicht vom Betreiber erstellt wurden, werden die Urheberrechte Dritter beachtet. Insbesondere werden Inhalte Dritter als solche gekennzeichnet. Sollten Sie trotzdem auf eine Urheberrechtsverletzung aufmerksam werden, bitten wir um einen entsprechenden Hinweis. Bei Bekanntwerden von Rechtsverletzungen werden wir derartige Inhalte umgehend entfernen.<\/p>\n<p style=\"text-align: center;\"><span style=\"text-decoration: underline;\"><strong>DATENSCHUTZERKL\u00c4RUNG<\/strong><\/span><\/p>\n<p style=\"text-align: center;\">Verantwortliche Stelle im Sinne der Datenschutzgesetze, insbesondere der EU-Datenschutzgrundverordnung (DSGVO), ist:<\/p>\n<p style=\"text-align: center;\">Hirt &amp; Silbernagel GbR<br \/>\nIn den Eschmatten 25<br \/>\n79117 Freiburg<\/p>\n<p style=\"text-align: center;\"><strong>Ihre Betroffenenrechte<\/strong><\/p>\n<p style=\"text-align: center;\">Unter den angegebenen Kontaktdaten unseres Datenschutzbeauftragten k\u00f6nnen Sie jederzeit folgende Rechte aus\u00fcben:<\/p>\n<ul style=\"text-align: center;\">\n<li>Auskunft \u00fcber Ihre bei uns gespeicherten Daten und deren Verarbeitung (Art. 15 DSGVO),<\/li>\n<li>Berichtigung unrichtiger personenbezogener Daten (Art. 16 DSGVO),<\/li>\n<li>L\u00f6schung Ihrer bei uns gespeicherten Daten (Art. 17 DSGVO),<\/li>\n<li>Einschr\u00e4nkung der Datenverarbeitung, sofern wir Ihre Daten aufgrund gesetzlicher Pflichten noch nicht l\u00f6schen d\u00fcrfen (Art. 18 DSGVO),<\/li>\n<li>Widerspruch gegen die Verarbeitung Ihrer Daten bei uns (Art. 21 DSGVO) und<\/li>\n<li>Daten\u00fcbertragbarkeit, sofern Sie in die Datenverarbeitung eingewilligt haben oder einen Vertrag mit uns abgeschlossen haben (Art. 20 DSGVO).<\/li>\n<\/ul>\n<p style=\"text-align: center;\">Sofern Sie uns eine Einwilligung erteilt haben, k\u00f6nnen Sie diese jederzeit mit Wirkung f\u00fcr die Zukunft widerrufen.<\/p>\n<p style=\"text-align: center;\">Sie k\u00f6nnen sich jederzeit mit einer Beschwerde an die f\u00fcr Sie zust\u00e4ndige Aufsichtsbeh\u00f6rde wenden (Art. 77 DSGVO i.V.m. \u00a7 19 BDSG). Ihre zust\u00e4ndige Aufsichtsbeh\u00f6rde richtet sich nach dem Bundesland Ihres Wohnsitzes, Ihrer Arbeit oder der mutma\u00dflichen Verletzung. Eine Liste der Aufsichtsbeh\u00f6rden (f\u00fcr den nicht\u00f6ffentlichen Bereich) mit Anschrift finden Sie unter:\u00a0<a href=\"https:\/\/www.bfdi.bund.de\/DE\/Infothek\/Anschriften_Links\/anschriften_links-node.html\" target=\"_blank\" rel=\"nofollow noopener\">https:\/\/www.bfdi.bund.de\/DE\/Infothek\/Anschriften_Links\/anschriften_links-node.html<\/a>.<\/p>\n<p style=\"text-align: center;\"><strong>Erfassung allgemeiner Informationen beim Besuch unserer Website<\/strong><\/p>\n<p style=\"text-align: center;\">Art und Zweck der Verarbeitung:<\/p>\n<p style=\"text-align: center;\">Wenn Sie auf unsere Website zugreifen, d.h., wenn Sie sich nicht registrieren oder anderweitig Informationen \u00fcbermitteln, werden automatisch Informationen allgemeiner Natur erfasst. Diese Informationen (Server-Logfiles) beinhalten etwa die Art des Webbrowsers, das verwendete Betriebssystem, den Domainnamen Ihres Internet-Service-Providers, Ihre IP-Adresse und \u00e4hnliches. Hierbei handelt es sich ausschlie\u00dflich um Informationen, welche keine R\u00fcckschl\u00fcsse auf Ihre Person zulassen.<\/p>\n<p style=\"text-align: center;\">Sie werden insbesondere zu folgenden Zwecken verarbeitet:<\/p>\n<ul style=\"text-align: center;\">\n<li>Sicherstellung eines problemlosen Verbindungsaufbaus der Website,<\/li>\n<li>Sicherstellung einer reibungslosen Nutzung unserer Website,<\/li>\n<li>Auswertung der Systemsicherheit und -stabilit\u00e4t sowie<\/li>\n<li>zu weiteren administrativen Zwecken.<\/li>\n<\/ul>\n<p style=\"text-align: center;\">Wir verwenden Ihre Daten nicht, um R\u00fcckschl\u00fcsse auf Ihre Person zu ziehen. Informationen dieser Art werden von uns ggfs. statistisch ausgewertet, um unseren Internetauftritt und die dahinterstehende Technik zu optimieren.<\/p>\n<p style=\"text-align: center;\"><strong>Rechtsgrundlage:<\/strong><\/p>\n<p style=\"text-align: center;\">Die Verarbeitung erfolgt gem\u00e4\u00df Art. 6 Abs. 1 lit. f DSGVO auf Basis unseres berechtigten Interesses an der Verbesserung der Stabilit\u00e4t und Funktionalit\u00e4t unserer Website.<\/p>\n<p style=\"text-align: center;\"><strong>Empf\u00e4nger:<\/strong><\/p>\n<p style=\"text-align: center;\">Empf\u00e4nger der Daten sind nur die verantwortliche Stelle und ggf. technische Dienstleister, die f\u00fcr den Betrieb und die Wartung unserer Webseite als Auftragsverarbeiter t\u00e4tig werden.<\/p>\n<h3 style=\"text-align: center;\">Speicherdauer:<\/h3>\n<p style=\"text-align: center;\">Die Daten werden gel\u00f6scht, sobald diese f\u00fcr den Zweck der Erhebung nicht mehr erforderlich sind. Dies ist f\u00fcr die Daten, die der Bereitstellung der Webseite dienen, grunds\u00e4tzlich der Fall, wenn die jeweilige Sitzung beendet ist.<\/p>\n<p style=\"text-align: center;\"><strong>Bereitstellung vorgeschrieben oder erforderlich:<\/strong><\/p>\n<p style=\"text-align: center;\">Die Bereitstellung der vorgenannten personenbezogenen Daten ist weder gesetzlich noch vertraglich vorgeschrieben. Ohne die IP-Adresse ist jedoch der Dienst und die Funktionsf\u00e4higkeit unserer Website nicht gew\u00e4hrleistet. Zudem k\u00f6nnen einzelne Dienste und Services nicht verf\u00fcgbar oder eingeschr\u00e4nkt sein. Aus diesem Grund ist ein Widerspruch ausgeschlossen.<\/p>\n<p style=\"text-align: center;\"><strong>Cookies<\/strong><\/p>\n<p style=\"text-align: center;\"><strong>Art und Zweck der Verarbeitung:<\/strong><\/p>\n<p style=\"text-align: center;\">Wie viele andere Webseiten verwenden wir auch so genannte \u201eCookies\u201c. Cookies sind kleine Textdateien, die von einem Websiteserver auf Ihre Festplatte \u00fcbertragen werden. Hierdurch erhalten wir automatisch bestimmte Daten wie z. B. IP-Adresse, verwendeter Browser, Betriebssystem und Ihre Verbindung zum Internet.<\/p>\n<p style=\"text-align: center;\">Cookies k\u00f6nnen nicht verwendet werden, um Programme zu starten oder Viren auf einen Computer zu \u00fcbertragen. Anhand der in Cookies enthaltenen Informationen k\u00f6nnen wir Ihnen die Navigation erleichtern und die korrekte Anzeige unserer Webseiten erm\u00f6glichen.<\/p>\n<p style=\"text-align: center;\">In keinem Fall werden die von uns erfassten Daten an Dritte weitergegeben oder ohne Ihre Einwilligung eine Verkn\u00fcpfung mit personenbezogenen Daten hergestellt.<\/p>\n<p style=\"text-align: center;\">Nat\u00fcrlich k\u00f6nnen Sie unsere Website grunds\u00e4tzlich auch ohne Cookies betrachten. Internet-Browser sind regelm\u00e4\u00dfig so eingestellt, dass sie Cookies akzeptieren. Im Allgemeinen k\u00f6nnen Sie die Verwendung von Cookies jederzeit \u00fcber die Einstellungen Ihres Browsers deaktivieren. Bitte verwenden Sie die Hilfefunktionen Ihres Internetbrowsers, um zu erfahren, wie Sie diese Einstellungen \u00e4ndern k\u00f6nnen. Bitte beachten Sie, dass einzelne Funktionen unserer Website m\u00f6glicherweise nicht funktionieren, wenn Sie die Verwendung von Cookies deaktiviert haben.<\/p>\n<p style=\"text-align: center;\"><strong>Speicherdauer und eingesetzte Cookies:<\/strong><\/p>\n<p style=\"text-align: center;\">Soweit Sie uns durch Ihre Browsereinstellungen oder Zustimmung die Verwendung von Cookies erlauben, k\u00f6nnen folgende Cookies auf unseren Webseiten zum Einsatz kommen:<\/p>\n<p style=\"text-align: center;\">Soweit diese Cookies (auch) personenbezogene Daten betreffen k\u00f6nnen, informieren wir Sie dar\u00fcber in den folgenden Abschnitten.<\/p>\n<p style=\"text-align: center;\">Sie k\u00f6nnen \u00fcber Ihre Browsereinstellungen einzelne Cookies oder den gesamten Cookie-Bestand l\u00f6schen. Dar\u00fcber hinaus erhalten Sie Informationen und Anleitungen, wie diese Cookies gel\u00f6scht oder deren Speicherung vorab blockiert werden k\u00f6nnen. Je nach Anbieter Ihres Browsers finden Sie die notwendigen Informationen unter den nachfolgenden Links:<\/p>\n<ul style=\"text-align: center;\">\n<li>Mozilla Firefox:\u00a0<a href=\"https:\/\/support.mozilla.org\/de\/kb\/cookies-loeschen-daten-von-websites-entfernen\" target=\"_blank\" rel=\"nofollow noopener\">https:\/\/support.mozilla.org\/de\/kb\/cookies-loeschen-daten-von-websites-entfernen<\/a><\/li>\n<li>Internet Explorer:\u00a0<a href=\"https:\/\/support.microsoft.com\/de-de\/help\/17442\/windows-internet-explorer-delete-manage-cookies\" target=\"_blank\" rel=\"nofollow noopener\">https:\/\/support.microsoft.com\/de-de\/help\/17442\/windows-internet-explorer-delete-manage-cookies<\/a><\/li>\n<li>Google Chrome:\u00a0<a href=\"https:\/\/support.google.com\/accounts\/answer\/61416?hl=de\" target=\"_blank\" rel=\"nofollow noopener\">https:\/\/support.google.com\/accounts\/answer\/61416?hl=de<\/a><\/li>\n<li>Opera:\u00a0<a href=\"http:\/\/www.opera.com\/de\/help\" target=\"_blank\" rel=\"nofollow noopener\">http:\/\/www.opera.com\/de\/help<\/a><\/li>\n<li>Safari:\u00a0<a href=\"https:\/\/support.apple.com\/kb\/PH17191?locale=de_DE&amp;viewlocale=de_DE\" target=\"_blank\" rel=\"nofollow noopener\">https:\/\/support.apple.com\/kb\/PH17191?locale=de_DE&amp;viewlocale=de_DE<\/a><\/li>\n<\/ul>\n<p style=\"text-align: center;\"><strong>\u00c4nderung unserer Datenschutzbestimmungen<\/strong><\/p>\n<p style=\"text-align: center;\">Wir behalten uns vor, diese Datenschutzerkl\u00e4rung anzupassen, damit sie stets den aktuellen rechtlichen Anforderungen entspricht oder um \u00c4nderungen unserer Leistungen in der Datenschutzerkl\u00e4rung umzusetzen, z.B. bei der Einf\u00fchrung neuer Services. F\u00fcr Ihren erneuten Besuch gilt dann die neue Datenschutzerkl\u00e4rung.<\/p>\n<p style=\"text-align: center;\"><strong>Fragen an den Datenschutzbeauftragten<\/strong><\/p>\n<p style=\"text-align: center;\">Wenn Sie Fragen zum Datenschutz haben, schreiben Sie uns bitte eine E-Mail oder wenden Sie sich direkt an die f\u00fcr den Datenschutz verantwortliche Person in unserer Organisation:<\/p>\n<p style=\"text-align: center;\"><em>Die Datenschutzerkl\u00e4rung wurde mit dem\u00a0<\/em><em><a href=\"https:\/\/www.activemind.de\/datenschutz\/datenschutzhinweis-generator\/\" target=\"_blank\" rel=\"noopener\">Datenschutzerkl\u00e4rungs-Generator der activeMind AG erstellt<\/a>\u00a0(Version 2018-06-15).<\/em><\/p>\n","protected":false},"excerpt":{"rendered":"<p>Verantwortlicher im Sinne von \u00a7 5 TMG und \u00a7 55 RfStV: Hirt &amp; Silbernagel GbR In den Eschmatten 25 79117 Freiburg E-Mail: booking [at] skaletons [punkt] de Gesellschafter: Pascal Hirt und Rainer Silbernagel Wir widersprechen jeder kommerziellen Verwendung und\/oder Weitergabe meiner Daten! Haftung f\u00fcr Inhalte Die Inhalte unserer Seiten wurden mit gr\u00f6\u00dfter Sorgfalt erstellt. F\u00fcr&hellip; <a class=\"more-link\" href=\"http:\/\/skaletons.de\/?page_id=185\">Continue reading <span class=\"screen-reader-text\">Impressum<\/span><\/a><\/p>\n","protected":false},"author":1,"featured_media":0,"parent":0,"menu_order":0,"comment_status":"closed","ping_status":"closed","template":"page-full-width.php","meta":[],"_links":{"self":[{"href":"http:\/\/skaletons.de\/index.php?rest_route=\/wp\/v2\/pages\/185"}],"collection":[{"href":"http:\/\/skaletons.de\/index.php?rest_route=\/wp\/v2\/pages"}],"about":[{"href":"http:\/\/skaletons.de\/index.php?rest_route=\/wp\/v2\/types\/page"}],"author":[{"embeddable":true,"href":"http:\/\/skaletons.de\/index.php?rest_route=\/wp\/v2\/users\/1"}],"replies":[{"embeddable":true,"href":"http:\/\/skaletons.de\/index.php?rest_route=%2Fwp%2Fv2%2Fcomments&post=185"}],"version-history":[{"count":11,"href":"http:\/\/skaletons.de\/index.php?rest_route=\/wp\/v2\/pages\/185\/revisions"}],"predecessor-version":[{"id":477,"href":"http:\/\/skaletons.de\/index.php?rest_route=\/wp\/v2\/pages\/185\/revisions\/477"}],"wp:attachment":[{"href":"http:\/\/skaletons.de\/index.php?rest_route=%2Fwp%2Fv2%2Fmedia&parent=185"}],"curies":[{"name":"wp","href":"https:\/\/api.w.org\/{rel}","templated":true}]}}